{"id":324,"date":"2025-12-24T01:43:20","date_gmt":"2025-12-24T01:43:20","guid":{"rendered":"https:\/\/metiers.solola.info\/?page_id=324"},"modified":"2025-12-24T01:43:20","modified_gmt":"2025-12-24T01:43:20","slug":"inscription-excellence-et-innovation-fluviale-pole-a","status":"publish","type":"page","link":"https:\/\/fluvial.solola.info\/index.php\/inscription-excellence-et-innovation-fluviale-pole-a\/","title":{"rendered":"Inscription Excellence et Innovation Fluviale -Pole A"},"content":{"rendered":"<div class=\"frm_forms  with_frm_style frm_style_style-formidable\" id=\"frm_form_9_container\" data-token=\"060b01aaf26d2f3ae821fef4096ddf97\">\n<form enctype=\"multipart\/form-data\" method=\"post\" class=\"frm-show-form \" id=\"form_cours-en-ligne-perf-internet-ia23\" data-token=\"060b01aaf26d2f3ae821fef4096ddf97\">\n<div class=\"frm_form_fields \">\n<fieldset>\n<legend class=\"frm_screen_reader\">Excellence et Innovation Fluvial (Technique)<\/legend>\r\n\r\n<div class=\"frm_fields_container\">\n<input type=\"hidden\" name=\"frm_action\" value=\"create\" \/>\n<input type=\"hidden\" name=\"form_id\" value=\"9\" \/>\n<input type=\"hidden\" name=\"frm_hide_fields_9\" id=\"frm_hide_fields_9\" value=\"\" \/>\n<input type=\"hidden\" name=\"form_key\" value=\"cours-en-ligne-perf-internet-ia23\" \/>\n<input type=\"hidden\" name=\"item_meta[0]\" value=\"\" \/>\n<input type=\"hidden\" id=\"frm_submit_entry_9\" name=\"frm_submit_entry_9\" value=\"41230e3865\" \/><input type=\"hidden\" name=\"_wp_http_referer\" value=\"\/index.php\/wp-json\/wp\/v2\/pages\/324\" \/><div id=\"frm_field_59_container\" class=\"frm_form_field form-field  frm_required_field frm_top_container frm6 frm_first\">\r\n    <label for=\"field_qh4icy34\" class=\"frm_primary_label\">Prenom\r\n        <span class=\"frm_required\">*<\/span>\r\n    <\/label>\r\n    <input type=\"text\" id=\"field_qh4icy34\" name=\"item_meta[59]\" value=\"\"  data-reqmsg=\"Prenom cannot be blank.\" aria-required=\"true\" data-invmsg=\"Prenom est non valide\" aria-invalid=\"false\"   aria-describedby=\"frm_desc_field_qh4icy34\"\/>\r\n    <div class=\"frm_description\" id=\"frm_desc_field_qh4icy34\">Prenom<\/div>\r\n    \r\n<\/div>\n<div id=\"frm_field_60_container\" class=\"frm_form_field form-field  frm_required_field frm_hidden_container frm6\">\r\n    <label for=\"field_ocfup134\" class=\"frm_primary_label\">Nom de famille\r\n        <span class=\"frm_required\">*<\/span>\r\n    <\/label>\r\n    <input type=\"text\" id=\"field_ocfup134\" name=\"item_meta[60]\" value=\"\"  data-reqmsg=\"Nom de famille cannot be blank.\" aria-required=\"true\" data-invmsg=\"Nom de famille est non valide\" aria-invalid=\"false\"   aria-describedby=\"frm_desc_field_ocfup134\"\/>\r\n    <div class=\"frm_description\" id=\"frm_desc_field_ocfup134\">Nom de famille<\/div>\r\n    \r\n<\/div>\n<div id=\"frm_field_61_container\" class=\"frm_form_field form-field  frm_required_field frm_top_container frm_full\">\r\n    <label for=\"field_29yf4d34\" class=\"frm_primary_label\">Email\r\n        <span class=\"frm_required\">*<\/span>\r\n    <\/label>\r\n    <input type=\"email\" id=\"field_29yf4d34\" name=\"item_meta[61]\" value=\"\"  data-reqmsg=\"Email cannot be blank.\" aria-required=\"true\" data-invmsg=\"Please enter a valid email address\" aria-invalid=\"false\"  \/>\r\n    \r\n    \r\n<\/div>\n<div id=\"frm_field_65_container\" class=\"frm_form_field form-field  frm_required_field frm_top_container\">\n\t<label for=\"field_xadxb\" id=\"field_xadxb_label\" class=\"frm_primary_label\">T\u00e9l\u00e9phone (WhatsApp)\n\t\t<span class=\"frm_required\" aria-hidden=\"true\">*<\/span>\n\t<\/label>\n\t<input type=\"tel\" id=\"field_xadxb\" name=\"item_meta[65]\" value=\"\"  data-reqmsg=\"T\u00e9l\u00e9phone (WhatsApp) ne peut pas \u00eatre vide.\" aria-required=\"true\" data-invmsg=\"T\u00e9l\u00e9phone (WhatsApp) est non valide\" aria-invalid=\"false\" pattern=\"((\\+\\d{1,3}(-|.| )?\\(?\\d\\)?(-| |.)?\\d{1,5})|(\\(?\\d{2,6}\\)?))(-|.| )?(\\d{3,4})(-|.| )?(\\d{4})(( x| ext)\\d{1,5}){0,1}$\"  \/>\n\t\n\t\n<\/div>\n<div id=\"frm_field_62_container\" class=\"frm_form_field form-field  frm_required_field frm_top_container\">\r\n\t<label for=\"field_tdpuc34\" id=\"field_tdpuc34_label\" class=\"frm_primary_label\">Nom du cours\r\n\t\t<span class=\"frm_required\" aria-hidden=\"true\">*<\/span>\r\n\t<\/label>\r\n\t\t\t<select name=\"item_meta[62]\" id=\"field_tdpuc34\"  data-frmval=\"Excellence et Innovation Fluviale (Technique)\" data-reqmsg=\"Nom du cours ne peut pas \u00eatre vide.\" aria-required=\"true\" data-invmsg=\"Nom du cours est non valide\" aria-invalid=\"false\"  >\n\t\t<option  value=\"Excellence et Innovation Fluviale (Technique)\" selected='selected'>Excellence et Innovation Fluviale (Technique)<\/option>\t<\/select>\n\t\r\n\t\r\n\t\r\n<\/div>\n<div id=\"frm_field_63_container\" class=\"frm_form_field form-field  frm_required_field frm_top_container\">\r\n\t<label for=\"field_jbjtz4\" id=\"field_jbjtz4_label\" class=\"frm_primary_label\">Pays de residence\r\n\t\t<span class=\"frm_required\" aria-hidden=\"true\">*<\/span>\r\n\t<\/label>\r\n\t\t\t<select name=\"item_meta[63]\" id=\"field_jbjtz4\"  data-reqmsg=\"Pays de residence ne peut pas \u00eatre vide.\" aria-required=\"true\" data-invmsg=\"Pays de residence est non valide\" aria-invalid=\"false\"  >\n\t\t<option  value=\"B\u00e9nin\">B\u00e9nin<\/option><option  value=\"Burkina Faso\">Burkina Faso<\/option><option  value=\"Cameroun\">Cameroun<\/option><option  value=\"R\u00e9publique Centrafricaine\">R\u00e9publique Centrafricaine<\/option><option  value=\"R\u00e9publique du Congo (Brazzaville)\">R\u00e9publique du Congo (Brazzaville)<\/option><option  value=\"C\u00f4te d&#039;Ivoire\">C\u00f4te d&#039;Ivoire<\/option><option  value=\"Gabon\">Gabon<\/option><option  value=\"Guin\u00e9e\">Guin\u00e9e<\/option><option  value=\"RDC (Kinshassa)\">RDC (Kinshassa)<\/option><option  value=\"Togo\">Togo<\/option>\t<\/select>\n\t\r\n\t\r\n\t\r\n<\/div>\n<input type=\"hidden\" id=\"field_ovv15\" name=\"item_meta[66]\" value=\"\"    \/><div id=\"frm_field_64_container\" class=\"frm_form_field form-field \">\r\n\t<div class=\"frm_submit\">\r\n\r\n<button class=\"frm_button_submit\" type=\"submit\" >Submit<\/button>\r\n\r\n<\/div>\r\n<\/div>\n\t<input type=\"hidden\" name=\"item_key\" value=\"\" \/>\n\t\t\t<div id=\"frm_field_67_container\">\n\t\t\t<label for=\"field_rqxw3\" >\n\t\t\t\tSi vous \u00eates un humain, ne remplissez pas ce champ.\t\t\t<\/label>\n\t\t\t<input  id=\"field_rqxw3\" type=\"text\" class=\"frm_form_field form-field frm_verify\" name=\"item_meta[67]\" value=\"\"  \/>\n\t\t<\/div>\n\t\t<input name=\"frm_state\" type=\"hidden\" value=\"xOWKVh6MSJqNXlYZ+LrNs9oE\/ISv0V7O9XP0km+j7gc=\" \/><\/div>\n<\/fieldset>\n<\/div>\n\n<\/form>\n<\/div>\n","protected":false},"excerpt":{"rendered":"","protected":false},"author":1,"featured_media":0,"parent":0,"menu_order":0,"comment_status":"closed","ping_status":"closed","template":"","meta":{"footnotes":""},"class_list":["post-324","page","type-page","status-publish","hentry"],"_links":{"self":[{"href":"https:\/\/fluvial.solola.info\/index.php\/wp-json\/wp\/v2\/pages\/324","targetHints":{"allow":["GET"]}}],"collection":[{"href":"https:\/\/fluvial.solola.info\/index.php\/wp-json\/wp\/v2\/pages"}],"about":[{"href":"https:\/\/fluvial.solola.info\/index.php\/wp-json\/wp\/v2\/types\/page"}],"author":[{"embeddable":true,"href":"https:\/\/fluvial.solola.info\/index.php\/wp-json\/wp\/v2\/users\/1"}],"replies":[{"embeddable":true,"href":"https:\/\/fluvial.solola.info\/index.php\/wp-json\/wp\/v2\/comments?post=324"}],"version-history":[{"count":1,"href":"https:\/\/fluvial.solola.info\/index.php\/wp-json\/wp\/v2\/pages\/324\/revisions"}],"predecessor-version":[{"id":325,"href":"https:\/\/fluvial.solola.info\/index.php\/wp-json\/wp\/v2\/pages\/324\/revisions\/325"}],"wp:attachment":[{"href":"https:\/\/fluvial.solola.info\/index.php\/wp-json\/wp\/v2\/media?parent=324"}],"curies":[{"name":"wp","href":"https:\/\/api.w.org\/{rel}","templated":true}]}}